{"id":3187,"date":"2024-01-23T11:20:33","date_gmt":"2024-01-23T09:20:33","guid":{"rendered":"https:\/\/autocarsdomenech.cat\/flota-de-vehiculos\/"},"modified":"2024-04-04T15:24:37","modified_gmt":"2024-04-04T13:24:37","slug":"flota-de-vehiculos","status":"publish","type":"page","link":"https:\/\/autocarsdomenech.cat\/es\/flota-de-vehiculos\/","title":{"rendered":"Flota de veh\u00edculos"},"content":{"rendered":"\t\t<div data-elementor-type=\"wp-post\" data-elementor-id=\"3187\" class=\"elementor elementor-3187 elementor-296\" data-elementor-post-type=\"page\">\n\t\t\t\t<div class=\"elementor-element elementor-element-355f9a4 e-flex e-con-boxed e-con e-parent\" data-id=\"355f9a4\" data-element_type=\"container\" data-settings=\"{&quot;jet_parallax_layout_list&quot;:[]}\">\n\t\t\t\t\t<div class=\"e-con-inner\">\n\t\t\t\t<div class=\"elementor-element elementor-element-2aca215 elementor-widget elementor-widget-heading\" data-id=\"2aca215\" data-element_type=\"widget\" data-widget_type=\"heading.default\">\n\t\t\t\t<div class=\"elementor-widget-container\">\n\t\t\t\t\t<h1 class=\"elementor-heading-title elementor-size-default\">Flota de veh\u00edculos<\/h1>\t\t\t\t<\/div>\n\t\t\t\t<\/div>\n\t\t\t\t\t<\/div>\n\t\t\t\t<\/div>\n\t\t<div class=\"elementor-element elementor-element-cd724ba e-flex e-con-boxed e-con e-parent\" data-id=\"cd724ba\" data-element_type=\"container\" data-settings=\"{&quot;jet_parallax_layout_list&quot;:[]}\">\n\t\t\t\t\t<div class=\"e-con-inner\">\n\t\t<div class=\"elementor-element elementor-element-ad1c8eb e-con-full vehicle-filters e-flex e-con e-child\" data-id=\"ad1c8eb\" data-element_type=\"container\" data-settings=\"{&quot;jet_parallax_layout_list&quot;:[]}\">\n\t\t\t\t<div class=\"elementor-element elementor-element-866de11 elementor-widget elementor-widget-heading\" data-id=\"866de11\" data-element_type=\"widget\" data-widget_type=\"heading.default\">\n\t\t\t\t<div class=\"elementor-widget-container\">\n\t\t\t\t\t<p class=\"elementor-heading-title elementor-size-default\">Plazas<\/p>\t\t\t\t<\/div>\n\t\t\t\t<\/div>\n\t\t\t\t<div class=\"elementor-element elementor-element-4d2c304 elementor-widget elementor-widget-facetwp-facet\" data-id=\"4d2c304\" data-element_type=\"widget\" data-widget_type=\"facetwp-facet.default\">\n\t\t\t\t<div class=\"elementor-widget-container\">\n\t\t\t\t\t\n        <div class=\"facet-wrap\">\n                        <div class=\"facetwp-facet facetwp-facet-places facetwp-type-slider\" data-name=\"places\" data-type=\"slider\"><\/div>        <\/div>\n\n        \t\t\t\t<\/div>\n\t\t\t\t<\/div>\n\t\t\t\t<\/div>\n\t\t<div class=\"elementor-element elementor-element-817f44f e-con-full vehicle-filters e-flex e-con e-child\" data-id=\"817f44f\" data-element_type=\"container\" data-settings=\"{&quot;jet_parallax_layout_list&quot;:[]}\">\n\t\t\t\t<div class=\"elementor-element elementor-element-e7a580d elementor-widget elementor-widget-heading\" data-id=\"e7a580d\" data-element_type=\"widget\" data-widget_type=\"heading.default\">\n\t\t\t\t<div class=\"elementor-widget-container\">\n\t\t\t\t\t<p class=\"elementor-heading-title elementor-size-default\">Servicios<\/p>\t\t\t\t<\/div>\n\t\t\t\t<\/div>\n\t\t\t\t<div class=\"elementor-element elementor-element-f156d53 elementor-widget elementor-widget-facetwp-facet\" data-id=\"f156d53\" data-element_type=\"widget\" data-widget_type=\"facetwp-facet.default\">\n\t\t\t\t<div class=\"elementor-widget-container\">\n\t\t\t\t\t\n        <div class=\"facet-wrap\">\n                        <div class=\"facetwp-facet facetwp-facet-serveis facetwp-type-fselect\" data-name=\"serveis\" data-type=\"fselect\"><\/div>        <\/div>\n\n        \t\t\t\t<\/div>\n\t\t\t\t<\/div>\n\t\t\t\t<\/div>\n\t\t<div class=\"elementor-element elementor-element-6626274 e-con-full vehicle-filters e-flex e-con e-child\" data-id=\"6626274\" data-element_type=\"container\" data-settings=\"{&quot;jet_parallax_layout_list&quot;:[]}\">\n\t\t\t\t<div class=\"elementor-element elementor-element-26bbb43 elementor-widget elementor-widget-heading\" data-id=\"26bbb43\" data-element_type=\"widget\" data-widget_type=\"heading.default\">\n\t\t\t\t<div class=\"elementor-widget-container\">\n\t\t\t\t\t<p class=\"elementor-heading-title elementor-size-default\">Veh\u00edculo adaptado<\/p>\t\t\t\t<\/div>\n\t\t\t\t<\/div>\n\t\t\t\t<div class=\"elementor-element elementor-element-99a24b4 elementor-widget elementor-widget-facetwp-facet\" data-id=\"99a24b4\" data-element_type=\"widget\" data-widget_type=\"facetwp-facet.default\">\n\t\t\t\t<div class=\"elementor-widget-container\">\n\t\t\t\t\t\n        <div class=\"facet-wrap\">\n                        <div class=\"facetwp-facet facetwp-facet-vehicle_adaptat facetwp-type-fselect\" data-name=\"vehicle_adaptat\" data-type=\"fselect\"><\/div>        <\/div>\n\n        \t\t\t\t<\/div>\n\t\t\t\t<\/div>\n\t\t\t\t<\/div>\n\t\t<div class=\"elementor-element elementor-element-937dd29 e-con-full vehicle-filters e-flex e-con e-child\" data-id=\"937dd29\" data-element_type=\"container\" data-settings=\"{&quot;jet_parallax_layout_list&quot;:[]}\">\n\t\t\t\t<div class=\"elementor-element elementor-element-e89f5ad elementor-widget elementor-widget-shortcode\" data-id=\"e89f5ad\" data-element_type=\"widget\" data-widget_type=\"shortcode.default\">\n\t\t\t\t<div class=\"elementor-widget-container\">\n\t\t\t\t\t\t\t<div class=\"elementor-shortcode\"><div class=\"facetwp-facet facetwp-facet-ordenar_la_cerca facetwp-type-sort\" data-name=\"ordenar_la_cerca\" data-type=\"sort\"><\/div><\/div>\n\t\t\t\t\t\t<\/div>\n\t\t\t\t<\/div>\n\t\t\t\t<\/div>\n\t\t<div class=\"elementor-element elementor-element-14f3ef9 e-con-full vehicle-filters e-flex e-con e-child\" data-id=\"14f3ef9\" data-element_type=\"container\" data-settings=\"{&quot;jet_parallax_layout_list&quot;:[]}\">\n\t\t\t\t<div class=\"elementor-element elementor-element-0c4b63d elementor-widget elementor-widget-facetwp-facet\" data-id=\"0c4b63d\" data-element_type=\"widget\" data-widget_type=\"facetwp-facet.default\">\n\t\t\t\t<div class=\"elementor-widget-container\">\n\t\t\t\t\t\n        <div class=\"facet-wrap\">\n                        <div class=\"facetwp-facet facetwp-facet-esborrar_cerca facetwp-type-reset\" data-name=\"esborrar_cerca\" data-type=\"reset\"><\/div>        <\/div>\n\n        \t\t\t\t<\/div>\n\t\t\t\t<\/div>\n\t\t\t\t<\/div>\n\t\t<div class=\"elementor-element elementor-element-5d4044d e-con-full e-flex e-con e-child\" data-id=\"5d4044d\" data-element_type=\"container\" data-settings=\"{&quot;jet_parallax_layout_list&quot;:[]}\">\n\t\t\t\t<div class=\"facetwp-template facetwp-elementor-widget elementor-element elementor-element-2fba001 elementor-grid-mobile-1 elementor-grid-3 elementor-grid-tablet-2 elementor-widget elementor-widget-loop-grid\" data-id=\"2fba001\" data-element_type=\"widget\" data-settings=\"{&quot;template_id&quot;:3336,&quot;columns_mobile&quot;:1,&quot;_skin&quot;:&quot;post&quot;,&quot;columns&quot;:&quot;3&quot;,&quot;columns_tablet&quot;:&quot;2&quot;,&quot;edit_handle_selector&quot;:&quot;[data-elementor-type=\\&quot;loop-item\\&quot;]&quot;,&quot;row_gap&quot;:{&quot;unit&quot;:&quot;px&quot;,&quot;size&quot;:&quot;&quot;,&quot;sizes&quot;:[]},&quot;row_gap_tablet_extra&quot;:{&quot;unit&quot;:&quot;px&quot;,&quot;size&quot;:&quot;&quot;,&quot;sizes&quot;:[]},&quot;row_gap_tablet&quot;:{&quot;unit&quot;:&quot;px&quot;,&quot;size&quot;:&quot;&quot;,&quot;sizes&quot;:[]},&quot;row_gap_mobile&quot;:{&quot;unit&quot;:&quot;px&quot;,&quot;size&quot;:&quot;&quot;,&quot;sizes&quot;:[]}}\" data-widget_type=\"loop-grid.post\">\n\t\t\t\t<div class=\"elementor-widget-container\">\n\t\t\t\t\t\t\t<div class=\"e-loop-nothing-found-message\">\n\t\t<\/div>\n\t\t\t\t\t\t<\/div>\n\t\t\t\t<\/div>\n\t\t\t\t<\/div>\n\t\t\t\t\t<\/div>\n\t\t\t\t<\/div>\n\t\t\t\t<\/div>\n\t\t","protected":false},"excerpt":{"rendered":"<p>Plazas Servicios Veh\u00edculo adaptado<\/p>\n","protected":false},"author":1,"featured_media":0,"parent":0,"menu_order":0,"comment_status":"closed","ping_status":"closed","template":"","meta":{"footnotes":""},"class_list":["post-3187","page","type-page","status-publish","hentry"],"yoast_head":"<!-- This site is optimized with the Yoast SEO plugin v24.1 - https:\/\/yoast.com\/wordpress\/plugins\/seo\/ -->\n<title>Flota de veh\u00edculos - Transports P\u00fablics del Priorat i Dom\u00e8nech<\/title>\n<meta name=\"description\" content=\"Disponemos de una flota de autocares completa que se adapta a las necesidades de tu viaje. Autocares de 15 a 70 plazas, con asientos reclinables, apoyabrazos, climatizaci\u00f3n\u2026\" \/>\n<meta name=\"robots\" content=\"index, follow, max-snippet:-1, max-image-preview:large, max-video-preview:-1\" \/>\n<link rel=\"canonical\" href=\"https:\/\/autocarsdomenech.cat\/es\/flota-de-vehiculos\/\" \/>\n<meta property=\"og:locale\" content=\"es_ES\" \/>\n<meta property=\"og:type\" content=\"article\" \/>\n<meta property=\"og:title\" content=\"Flota de veh\u00edculos - Transports P\u00fablics del Priorat i Dom\u00e8nech\" \/>\n<meta property=\"og:description\" content=\"Disponemos de una flota de autocares completa que se adapta a las necesidades de tu viaje. Autocares de 15 a 70 plazas, con asientos reclinables, apoyabrazos, climatizaci\u00f3n\u2026\" \/>\n<meta property=\"og:url\" content=\"https:\/\/autocarsdomenech.cat\/es\/flota-de-vehiculos\/\" \/>\n<meta property=\"og:site_name\" content=\"Transports P\u00fablics del Priorat i Dom\u00e8nech\" \/>\n<meta property=\"article:modified_time\" content=\"2024-04-04T13:24:37+00:00\" \/>\n<meta name=\"twitter:card\" content=\"summary_large_image\" \/>\n<script type=\"application\/ld+json\" class=\"yoast-schema-graph\">{\"@context\":\"https:\/\/schema.org\",\"@graph\":[{\"@type\":\"WebPage\",\"@id\":\"https:\/\/autocarsdomenech.cat\/es\/flota-de-vehiculos\/\",\"url\":\"https:\/\/autocarsdomenech.cat\/es\/flota-de-vehiculos\/\",\"name\":\"Flota de veh\u00edculos - Transports P\u00fablics del Priorat i Dom\u00e8nech\",\"isPartOf\":{\"@id\":\"https:\/\/autocarsdomenech.cat\/es\/#website\"},\"datePublished\":\"2024-01-23T09:20:33+00:00\",\"dateModified\":\"2024-04-04T13:24:37+00:00\",\"description\":\"Disponemos de una flota de autocares completa que se adapta a las necesidades de tu viaje. Autocares de 15 a 70 plazas, con asientos reclinables, apoyabrazos, climatizaci\u00f3n\u2026\",\"breadcrumb\":{\"@id\":\"https:\/\/autocarsdomenech.cat\/es\/flota-de-vehiculos\/#breadcrumb\"},\"inLanguage\":\"es\",\"potentialAction\":[{\"@type\":\"ReadAction\",\"target\":[\"https:\/\/autocarsdomenech.cat\/es\/flota-de-vehiculos\/\"]}]},{\"@type\":\"BreadcrumbList\",\"@id\":\"https:\/\/autocarsdomenech.cat\/es\/flota-de-vehiculos\/#breadcrumb\",\"itemListElement\":[{\"@type\":\"ListItem\",\"position\":1,\"name\":\"Inici\",\"item\":\"https:\/\/autocarsdomenech.cat\/es\/inicio\/\"},{\"@type\":\"ListItem\",\"position\":2,\"name\":\"Flota de veh\u00edculos\"}]},{\"@type\":\"WebSite\",\"@id\":\"https:\/\/autocarsdomenech.cat\/es\/#website\",\"url\":\"https:\/\/autocarsdomenech.cat\/es\/\",\"name\":\"Transports P\u00fablics del Priorat i Dom\u00e8nech\",\"description\":\"\",\"publisher\":{\"@id\":\"https:\/\/autocarsdomenech.cat\/es\/#organization\"},\"potentialAction\":[{\"@type\":\"SearchAction\",\"target\":{\"@type\":\"EntryPoint\",\"urlTemplate\":\"https:\/\/autocarsdomenech.cat\/es\/?s={search_term_string}\"},\"query-input\":{\"@type\":\"PropertyValueSpecification\",\"valueRequired\":true,\"valueName\":\"search_term_string\"}}],\"inLanguage\":\"es\"},{\"@type\":\"Organization\",\"@id\":\"https:\/\/autocarsdomenech.cat\/es\/#organization\",\"name\":\"Transports P\u00fablics del Priorat i Dom\u00e8nech\",\"url\":\"https:\/\/autocarsdomenech.cat\/es\/\",\"logo\":{\"@type\":\"ImageObject\",\"inLanguage\":\"es\",\"@id\":\"https:\/\/autocarsdomenech.cat\/es\/#\/schema\/logo\/image\/\",\"url\":\"https:\/\/autocarsdomenech.cat\/wp-content\/uploads\/2023\/12\/LOGO-DOMENECH-AUTOCARS.png\",\"contentUrl\":\"https:\/\/autocarsdomenech.cat\/wp-content\/uploads\/2023\/12\/LOGO-DOMENECH-AUTOCARS.png\",\"width\":3426,\"height\":1060,\"caption\":\"Transports P\u00fablics del Priorat i Dom\u00e8nech\"},\"image\":{\"@id\":\"https:\/\/autocarsdomenech.cat\/es\/#\/schema\/logo\/image\/\"}}]}<\/script>\n<!-- \/ Yoast SEO plugin. -->","yoast_head_json":{"title":"Flota de veh\u00edculos - Transports P\u00fablics del Priorat i Dom\u00e8nech","description":"Disponemos de una flota de autocares completa que se adapta a las necesidades de tu viaje. Autocares de 15 a 70 plazas, con asientos reclinables, apoyabrazos, climatizaci\u00f3n\u2026","robots":{"index":"index","follow":"follow","max-snippet":"max-snippet:-1","max-image-preview":"max-image-preview:large","max-video-preview":"max-video-preview:-1"},"canonical":"https:\/\/autocarsdomenech.cat\/es\/flota-de-vehiculos\/","og_locale":"es_ES","og_type":"article","og_title":"Flota de veh\u00edculos - Transports P\u00fablics del Priorat i Dom\u00e8nech","og_description":"Disponemos de una flota de autocares completa que se adapta a las necesidades de tu viaje. Autocares de 15 a 70 plazas, con asientos reclinables, apoyabrazos, climatizaci\u00f3n\u2026","og_url":"https:\/\/autocarsdomenech.cat\/es\/flota-de-vehiculos\/","og_site_name":"Transports P\u00fablics del Priorat i Dom\u00e8nech","article_modified_time":"2024-04-04T13:24:37+00:00","twitter_card":"summary_large_image","schema":{"@context":"https:\/\/schema.org","@graph":[{"@type":"WebPage","@id":"https:\/\/autocarsdomenech.cat\/es\/flota-de-vehiculos\/","url":"https:\/\/autocarsdomenech.cat\/es\/flota-de-vehiculos\/","name":"Flota de veh\u00edculos - Transports P\u00fablics del Priorat i Dom\u00e8nech","isPartOf":{"@id":"https:\/\/autocarsdomenech.cat\/es\/#website"},"datePublished":"2024-01-23T09:20:33+00:00","dateModified":"2024-04-04T13:24:37+00:00","description":"Disponemos de una flota de autocares completa que se adapta a las necesidades de tu viaje. Autocares de 15 a 70 plazas, con asientos reclinables, apoyabrazos, climatizaci\u00f3n\u2026","breadcrumb":{"@id":"https:\/\/autocarsdomenech.cat\/es\/flota-de-vehiculos\/#breadcrumb"},"inLanguage":"es","potentialAction":[{"@type":"ReadAction","target":["https:\/\/autocarsdomenech.cat\/es\/flota-de-vehiculos\/"]}]},{"@type":"BreadcrumbList","@id":"https:\/\/autocarsdomenech.cat\/es\/flota-de-vehiculos\/#breadcrumb","itemListElement":[{"@type":"ListItem","position":1,"name":"Inici","item":"https:\/\/autocarsdomenech.cat\/es\/inicio\/"},{"@type":"ListItem","position":2,"name":"Flota de veh\u00edculos"}]},{"@type":"WebSite","@id":"https:\/\/autocarsdomenech.cat\/es\/#website","url":"https:\/\/autocarsdomenech.cat\/es\/","name":"Transports P\u00fablics del Priorat i Dom\u00e8nech","description":"","publisher":{"@id":"https:\/\/autocarsdomenech.cat\/es\/#organization"},"potentialAction":[{"@type":"SearchAction","target":{"@type":"EntryPoint","urlTemplate":"https:\/\/autocarsdomenech.cat\/es\/?s={search_term_string}"},"query-input":{"@type":"PropertyValueSpecification","valueRequired":true,"valueName":"search_term_string"}}],"inLanguage":"es"},{"@type":"Organization","@id":"https:\/\/autocarsdomenech.cat\/es\/#organization","name":"Transports P\u00fablics del Priorat i Dom\u00e8nech","url":"https:\/\/autocarsdomenech.cat\/es\/","logo":{"@type":"ImageObject","inLanguage":"es","@id":"https:\/\/autocarsdomenech.cat\/es\/#\/schema\/logo\/image\/","url":"https:\/\/autocarsdomenech.cat\/wp-content\/uploads\/2023\/12\/LOGO-DOMENECH-AUTOCARS.png","contentUrl":"https:\/\/autocarsdomenech.cat\/wp-content\/uploads\/2023\/12\/LOGO-DOMENECH-AUTOCARS.png","width":3426,"height":1060,"caption":"Transports P\u00fablics del Priorat i Dom\u00e8nech"},"image":{"@id":"https:\/\/autocarsdomenech.cat\/es\/#\/schema\/logo\/image\/"}}]}},"_links":{"self":[{"href":"https:\/\/autocarsdomenech.cat\/es\/wp-json\/wp\/v2\/pages\/3187","targetHints":{"allow":["GET"]}}],"collection":[{"href":"https:\/\/autocarsdomenech.cat\/es\/wp-json\/wp\/v2\/pages"}],"about":[{"href":"https:\/\/autocarsdomenech.cat\/es\/wp-json\/wp\/v2\/types\/page"}],"author":[{"embeddable":true,"href":"https:\/\/autocarsdomenech.cat\/es\/wp-json\/wp\/v2\/users\/1"}],"replies":[{"embeddable":true,"href":"https:\/\/autocarsdomenech.cat\/es\/wp-json\/wp\/v2\/comments?post=3187"}],"version-history":[{"count":8,"href":"https:\/\/autocarsdomenech.cat\/es\/wp-json\/wp\/v2\/pages\/3187\/revisions"}],"predecessor-version":[{"id":3357,"href":"https:\/\/autocarsdomenech.cat\/es\/wp-json\/wp\/v2\/pages\/3187\/revisions\/3357"}],"wp:attachment":[{"href":"https:\/\/autocarsdomenech.cat\/es\/wp-json\/wp\/v2\/media?parent=3187"}],"curies":[{"name":"wp","href":"https:\/\/api.w.org\/{rel}","templated":true}]}}