{"id":3200,"date":"2024-02-23T11:14:25","date_gmt":"2024-02-23T09:14:25","guid":{"rendered":"https:\/\/autocarsdomenech.cat\/noticias\/"},"modified":"2024-04-04T11:06:05","modified_gmt":"2024-04-04T09:06:05","slug":"noticias","status":"publish","type":"page","link":"https:\/\/autocarsdomenech.cat\/es\/noticias\/","title":{"rendered":"Noticias"},"content":{"rendered":"\t\t<div data-elementor-type=\"wp-page\" data-elementor-id=\"3200\" class=\"elementor elementor-3200 elementor-2535\" data-elementor-post-type=\"page\">\n\t\t\t\t<div class=\"elementor-element elementor-element-567f81a e-flex e-con-boxed e-con e-parent\" data-id=\"567f81a\" data-element_type=\"container\" data-settings=\"{&quot;jet_parallax_layout_list&quot;:[]}\">\n\t\t\t\t\t<div class=\"e-con-inner\">\n\t\t\t\t<div class=\"elementor-element elementor-element-416f6f5 elementor-widget elementor-widget-heading\" data-id=\"416f6f5\" data-element_type=\"widget\" data-widget_type=\"heading.default\">\n\t\t\t\t<div class=\"elementor-widget-container\">\n\t\t\t\t\t<h1 class=\"elementor-heading-title elementor-size-default\">Noticias<\/h1>\t\t\t\t<\/div>\n\t\t\t\t<\/div>\n\t\t\t\t<div class=\"elementor-element elementor-element-202a94f elementor-grid-3 elementor-grid-tablet-2 elementor-grid-mobile-1 elementor-posts--thumbnail-top elementor-card-shadow-yes elementor-posts__hover-gradient elementor-widget elementor-widget-posts\" data-id=\"202a94f\" data-element_type=\"widget\" data-settings=\"{&quot;cards_columns&quot;:&quot;3&quot;,&quot;cards_columns_tablet&quot;:&quot;2&quot;,&quot;cards_columns_mobile&quot;:&quot;1&quot;,&quot;cards_row_gap&quot;:{&quot;unit&quot;:&quot;px&quot;,&quot;size&quot;:35,&quot;sizes&quot;:[]},&quot;cards_row_gap_tablet_extra&quot;:{&quot;unit&quot;:&quot;px&quot;,&quot;size&quot;:&quot;&quot;,&quot;sizes&quot;:[]},&quot;cards_row_gap_tablet&quot;:{&quot;unit&quot;:&quot;px&quot;,&quot;size&quot;:&quot;&quot;,&quot;sizes&quot;:[]},&quot;cards_row_gap_mobile&quot;:{&quot;unit&quot;:&quot;px&quot;,&quot;size&quot;:&quot;&quot;,&quot;sizes&quot;:[]}}\" data-widget_type=\"posts.cards\">\n\t\t\t\t<div class=\"elementor-widget-container\">\n\t\t\t\t\t\t\t<div class=\"elementor-posts-container elementor-posts elementor-posts--skin-cards elementor-grid\">\n\t\t\t\t<article class=\"elementor-post elementor-grid-item post-3794 post type-post status-publish format-standard has-post-thumbnail hentry category-sin-categorizar\">\n\t\t\t<div class=\"elementor-post__card\">\n\t\t\t\t<a class=\"elementor-post__thumbnail__link\" href=\"https:\/\/autocarsdomenech.cat\/es\/2025\/04\/11\/beneficiarios-de-las-ayudas-para-la-renovacion-de-flotas-de-transporte-de-viajeros\/\" tabindex=\"-1\" ><div class=\"elementor-post__thumbnail\"><img fetchpriority=\"high\" decoding=\"async\" width=\"300\" height=\"201\" src=\"https:\/\/autocarsdomenech.cat\/wp-content\/uploads\/2024\/01\/DSC_0008-1-300x201.jpg\" class=\"attachment-medium size-medium wp-image-2931\" alt=\"Autocars Dom\u00e8nech MMW\" srcset=\"https:\/\/autocarsdomenech.cat\/wp-content\/uploads\/2024\/01\/DSC_0008-1-300x201.jpg 300w, https:\/\/autocarsdomenech.cat\/wp-content\/uploads\/2024\/01\/DSC_0008-1-1024x686.jpg 1024w, https:\/\/autocarsdomenech.cat\/wp-content\/uploads\/2024\/01\/DSC_0008-1-768x514.jpg 768w, https:\/\/autocarsdomenech.cat\/wp-content\/uploads\/2024\/01\/DSC_0008-1-1536x1028.jpg 1536w, https:\/\/autocarsdomenech.cat\/wp-content\/uploads\/2024\/01\/DSC_0008-1.jpg 1800w\" sizes=\"(max-width: 300px) 100vw, 300px\" \/><\/div><\/a>\n\t\t\t\t<div class=\"elementor-post__text\">\n\t\t\t\t<h2 class=\"elementor-post__title\">\n\t\t\t<a href=\"https:\/\/autocarsdomenech.cat\/es\/2025\/04\/11\/beneficiarios-de-las-ayudas-para-la-renovacion-de-flotas-de-transporte-de-viajeros\/\" >\n\t\t\t\tBeneficiarios de las ayudas para la renovaci\u00f3n de flotas de transporte de viajeros\t\t\t<\/a>\n\t\t<\/h2>\n\t\t\t\t<\/div>\n\t\t\t\t<div class=\"elementor-post__meta-data\">\n\t\t\t\t\t<span class=\"elementor-post-date\">\n\t\t\t11 de abril de 2025\t\t<\/span>\n\t\t\t\t<\/div>\n\t\t\t\t\t<\/div>\n\t\t<\/article>\n\t\t\t\t<article class=\"elementor-post elementor-grid-item post-3761 post type-post status-publish format-standard has-post-thumbnail hentry category-sin-categorizar\">\n\t\t\t<div class=\"elementor-post__card\">\n\t\t\t\t<a class=\"elementor-post__thumbnail__link\" href=\"https:\/\/autocarsdomenech.cat\/es\/2025\/03\/27\/nuevos-horarios-a-las-estaciones-de-tren-a-partir-de-marzo\/\" tabindex=\"-1\" ><div class=\"elementor-post__thumbnail\"><img decoding=\"async\" width=\"300\" height=\"239\" src=\"https:\/\/autocarsdomenech.cat\/wp-content\/uploads\/2024\/09\/Nous-horaris-300x239.jpg\" class=\"attachment-medium size-medium wp-image-3452\" alt=\"\" srcset=\"https:\/\/autocarsdomenech.cat\/wp-content\/uploads\/2024\/09\/Nous-horaris-300x239.jpg 300w, https:\/\/autocarsdomenech.cat\/wp-content\/uploads\/2024\/09\/Nous-horaris-768x611.jpg 768w, https:\/\/autocarsdomenech.cat\/wp-content\/uploads\/2024\/09\/Nous-horaris.jpg 1021w\" sizes=\"(max-width: 300px) 100vw, 300px\" \/><\/div><\/a>\n\t\t\t\t<div class=\"elementor-post__text\">\n\t\t\t\t<h2 class=\"elementor-post__title\">\n\t\t\t<a href=\"https:\/\/autocarsdomenech.cat\/es\/2025\/03\/27\/nuevos-horarios-a-las-estaciones-de-tren-a-partir-de-marzo\/\" >\n\t\t\t\tNuevos horarios a las estaciones de tren a partir de marzo\t\t\t<\/a>\n\t\t<\/h2>\n\t\t\t\t<\/div>\n\t\t\t\t<div class=\"elementor-post__meta-data\">\n\t\t\t\t\t<span class=\"elementor-post-date\">\n\t\t\t27 de marzo de 2025\t\t<\/span>\n\t\t\t\t<\/div>\n\t\t\t\t\t<\/div>\n\t\t<\/article>\n\t\t\t\t<article class=\"elementor-post elementor-grid-item post-3500 post type-post status-publish format-standard has-post-thumbnail hentry category-sin-categorizar\">\n\t\t\t<div class=\"elementor-post__card\">\n\t\t\t\t<a class=\"elementor-post__thumbnail__link\" href=\"https:\/\/autocarsdomenech.cat\/es\/2024\/11\/27\/servicios-minimos-con-motivo-de-la-huelga-de-28-y-29-de-noviembre\/\" tabindex=\"-1\" ><div class=\"elementor-post__thumbnail\"><img decoding=\"async\" width=\"300\" height=\"168\" src=\"https:\/\/autocarsdomenech.cat\/wp-content\/uploads\/2024\/01\/034_Dron_rapid-300x168.jpg\" class=\"attachment-medium size-medium wp-image-2347\" alt=\"\" srcset=\"https:\/\/autocarsdomenech.cat\/wp-content\/uploads\/2024\/01\/034_Dron_rapid-300x168.jpg 300w, https:\/\/autocarsdomenech.cat\/wp-content\/uploads\/2024\/01\/034_Dron_rapid-1024x573.jpg 1024w, https:\/\/autocarsdomenech.cat\/wp-content\/uploads\/2024\/01\/034_Dron_rapid-768x430.jpg 768w, https:\/\/autocarsdomenech.cat\/wp-content\/uploads\/2024\/01\/034_Dron_rapid-1536x860.jpg 1536w, https:\/\/autocarsdomenech.cat\/wp-content\/uploads\/2024\/01\/034_Dron_rapid.jpg 1675w\" sizes=\"(max-width: 300px) 100vw, 300px\" \/><\/div><\/a>\n\t\t\t\t<div class=\"elementor-post__text\">\n\t\t\t\t<h2 class=\"elementor-post__title\">\n\t\t\t<a href=\"https:\/\/autocarsdomenech.cat\/es\/2024\/11\/27\/servicios-minimos-con-motivo-de-la-huelga-de-28-y-29-de-noviembre\/\" >\n\t\t\t\tServicios m\u00ednimos con motivo de la huelga de 28 y 29 de noviembre\t\t\t<\/a>\n\t\t<\/h2>\n\t\t\t\t<\/div>\n\t\t\t\t<div class=\"elementor-post__meta-data\">\n\t\t\t\t\t<span class=\"elementor-post-date\">\n\t\t\t27 de noviembre de 2024\t\t<\/span>\n\t\t\t\t<\/div>\n\t\t\t\t\t<\/div>\n\t\t<\/article>\n\t\t\t\t<article class=\"elementor-post elementor-grid-item post-3484 post type-post status-publish format-standard has-post-thumbnail hentry category-sin-categorizar\">\n\t\t\t<div class=\"elementor-post__card\">\n\t\t\t\t<a class=\"elementor-post__thumbnail__link\" href=\"https:\/\/autocarsdomenech.cat\/es\/2024\/10\/25\/servicios-minimos-con-motivo-de-la-huelga-del-lunes-28-10-2024\/\" tabindex=\"-1\" ><div class=\"elementor-post__thumbnail\"><img loading=\"lazy\" decoding=\"async\" width=\"300\" height=\"136\" src=\"https:\/\/autocarsdomenech.cat\/wp-content\/uploads\/2024\/01\/Conductor-300x136.jpg\" class=\"attachment-medium size-medium wp-image-2304\" alt=\"\" srcset=\"https:\/\/autocarsdomenech.cat\/wp-content\/uploads\/2024\/01\/Conductor-300x136.jpg 300w, https:\/\/autocarsdomenech.cat\/wp-content\/uploads\/2024\/01\/Conductor-1024x463.jpg 1024w, https:\/\/autocarsdomenech.cat\/wp-content\/uploads\/2024\/01\/Conductor-768x347.jpg 768w, https:\/\/autocarsdomenech.cat\/wp-content\/uploads\/2024\/01\/Conductor.jpg 1440w\" sizes=\"(max-width: 300px) 100vw, 300px\" \/><\/div><\/a>\n\t\t\t\t<div class=\"elementor-post__text\">\n\t\t\t\t<h2 class=\"elementor-post__title\">\n\t\t\t<a href=\"https:\/\/autocarsdomenech.cat\/es\/2024\/10\/25\/servicios-minimos-con-motivo-de-la-huelga-del-lunes-28-10-2024\/\" >\n\t\t\t\tServicios m\u00ednimos con motivo de la huelga del lunes 28-10-2024<br>\t\t\t<\/a>\n\t\t<\/h2>\n\t\t\t\t<\/div>\n\t\t\t\t<div class=\"elementor-post__meta-data\">\n\t\t\t\t\t<span class=\"elementor-post-date\">\n\t\t\t25 de octubre de 2024\t\t<\/span>\n\t\t\t\t<\/div>\n\t\t\t\t\t<\/div>\n\t\t<\/article>\n\t\t\t\t<article class=\"elementor-post elementor-grid-item post-3459 post type-post status-publish format-standard has-post-thumbnail hentry category-sin-categorizar\">\n\t\t\t<div class=\"elementor-post__card\">\n\t\t\t\t<a class=\"elementor-post__thumbnail__link\" href=\"https:\/\/autocarsdomenech.cat\/es\/2024\/09\/27\/ven-a-cargar-tu-t-jove-de-la-atm\/\" tabindex=\"-1\" ><div class=\"elementor-post__thumbnail\"><img loading=\"lazy\" decoding=\"async\" width=\"300\" height=\"192\" src=\"https:\/\/autocarsdomenech.cat\/wp-content\/uploads\/2024\/09\/TJove-ATM-300x192.png\" class=\"attachment-medium size-medium wp-image-3457\" alt=\"\" srcset=\"https:\/\/autocarsdomenech.cat\/wp-content\/uploads\/2024\/09\/TJove-ATM-300x192.png 300w, https:\/\/autocarsdomenech.cat\/wp-content\/uploads\/2024\/09\/TJove-ATM-768x492.png 768w, https:\/\/autocarsdomenech.cat\/wp-content\/uploads\/2024\/09\/TJove-ATM.png 864w\" sizes=\"(max-width: 300px) 100vw, 300px\" \/><\/div><\/a>\n\t\t\t\t<div class=\"elementor-post__text\">\n\t\t\t\t<h2 class=\"elementor-post__title\">\n\t\t\t<a href=\"https:\/\/autocarsdomenech.cat\/es\/2024\/09\/27\/ven-a-cargar-tu-t-jove-de-la-atm\/\" >\n\t\t\t\tVen a cargar tu T-Jove de la ATM\t\t\t<\/a>\n\t\t<\/h2>\n\t\t\t\t<\/div>\n\t\t\t\t<div class=\"elementor-post__meta-data\">\n\t\t\t\t\t<span class=\"elementor-post-date\">\n\t\t\t27 de septiembre de 2024\t\t<\/span>\n\t\t\t\t<\/div>\n\t\t\t\t\t<\/div>\n\t\t<\/article>\n\t\t\t\t<article class=\"elementor-post elementor-grid-item post-3454 post type-post status-publish format-standard has-post-thumbnail hentry category-sin-categorizar\">\n\t\t\t<div class=\"elementor-post__card\">\n\t\t\t\t<a class=\"elementor-post__thumbnail__link\" href=\"https:\/\/autocarsdomenech.cat\/es\/2024\/09\/27\/nuevos-horarios-de-las-lineas-con-parada-en-estaciones-de-tren-a-partir-de-octubre\/\" tabindex=\"-1\" ><div class=\"elementor-post__thumbnail\"><img decoding=\"async\" width=\"300\" height=\"239\" src=\"https:\/\/autocarsdomenech.cat\/wp-content\/uploads\/2024\/09\/Nous-horaris-300x239.jpg\" class=\"attachment-medium size-medium wp-image-3452\" alt=\"\" srcset=\"https:\/\/autocarsdomenech.cat\/wp-content\/uploads\/2024\/09\/Nous-horaris-300x239.jpg 300w, https:\/\/autocarsdomenech.cat\/wp-content\/uploads\/2024\/09\/Nous-horaris-768x611.jpg 768w, https:\/\/autocarsdomenech.cat\/wp-content\/uploads\/2024\/09\/Nous-horaris.jpg 1021w\" sizes=\"(max-width: 300px) 100vw, 300px\" \/><\/div><\/a>\n\t\t\t\t<div class=\"elementor-post__text\">\n\t\t\t\t<h2 class=\"elementor-post__title\">\n\t\t\t<a href=\"https:\/\/autocarsdomenech.cat\/es\/2024\/09\/27\/nuevos-horarios-de-las-lineas-con-parada-en-estaciones-de-tren-a-partir-de-octubre\/\" >\n\t\t\t\tNuevos horarios de las l\u00edneas con parada en estaciones de tren, a partir de octubre\t\t\t<\/a>\n\t\t<\/h2>\n\t\t\t\t<\/div>\n\t\t\t\t<div class=\"elementor-post__meta-data\">\n\t\t\t\t\t<span class=\"elementor-post-date\">\n\t\t\t27 de septiembre de 2024\t\t<\/span>\n\t\t\t\t<\/div>\n\t\t\t\t\t<\/div>\n\t\t<\/article>\n\t\t\t\t<article class=\"elementor-post elementor-grid-item post-3306 post type-post status-publish format-standard has-post-thumbnail hentry category-sin-categorizar\">\n\t\t\t<div class=\"elementor-post__card\">\n\t\t\t\t<a class=\"elementor-post__thumbnail__link\" href=\"https:\/\/autocarsdomenech.cat\/es\/2023\/01\/23\/nuevos-servicios-de-mora-debra-a-mora-la-nova-y-estacion-de-renfe\/\" tabindex=\"-1\" ><div class=\"elementor-post__thumbnail\"><img loading=\"lazy\" decoding=\"async\" width=\"300\" height=\"136\" src=\"https:\/\/autocarsdomenech.cat\/wp-content\/uploads\/2024\/01\/Conductor-300x136.jpg\" class=\"attachment-medium size-medium wp-image-2304\" alt=\"\" srcset=\"https:\/\/autocarsdomenech.cat\/wp-content\/uploads\/2024\/01\/Conductor-300x136.jpg 300w, https:\/\/autocarsdomenech.cat\/wp-content\/uploads\/2024\/01\/Conductor-1024x463.jpg 1024w, https:\/\/autocarsdomenech.cat\/wp-content\/uploads\/2024\/01\/Conductor-768x347.jpg 768w, https:\/\/autocarsdomenech.cat\/wp-content\/uploads\/2024\/01\/Conductor.jpg 1440w\" sizes=\"(max-width: 300px) 100vw, 300px\" \/><\/div><\/a>\n\t\t\t\t<div class=\"elementor-post__text\">\n\t\t\t\t<h2 class=\"elementor-post__title\">\n\t\t\t<a href=\"https:\/\/autocarsdomenech.cat\/es\/2023\/01\/23\/nuevos-servicios-de-mora-debra-a-mora-la-nova-y-estacion-de-renfe\/\" >\n\t\t\t\tNuevos Servicios de M\u00f3ra d&#8217;Ebra a M\u00f3ra la Nova y Estaci\u00f3n de Renfe\t\t\t<\/a>\n\t\t<\/h2>\n\t\t\t\t<\/div>\n\t\t\t\t<div class=\"elementor-post__meta-data\">\n\t\t\t\t\t<span class=\"elementor-post-date\">\n\t\t\t23 de enero de 2023\t\t<\/span>\n\t\t\t\t<\/div>\n\t\t\t\t\t<\/div>\n\t\t<\/article>\n\t\t\t\t<article class=\"elementor-post elementor-grid-item post-3307 post type-post status-publish format-standard has-post-thumbnail hentry category-sin-categorizar\">\n\t\t\t<div class=\"elementor-post__card\">\n\t\t\t\t<a class=\"elementor-post__thumbnail__link\" href=\"https:\/\/autocarsdomenech.cat\/es\/2019\/02\/19\/nuevas-instalaciones-en-falset\/\" tabindex=\"-1\" ><div class=\"elementor-post__thumbnail\"><img loading=\"lazy\" decoding=\"async\" width=\"300\" height=\"201\" src=\"https:\/\/autocarsdomenech.cat\/wp-content\/uploads\/2024\/01\/Flota-de-vehicles-300x201.jpg\" class=\"attachment-medium size-medium wp-image-2326\" alt=\"\" srcset=\"https:\/\/autocarsdomenech.cat\/wp-content\/uploads\/2024\/01\/Flota-de-vehicles-300x201.jpg 300w, https:\/\/autocarsdomenech.cat\/wp-content\/uploads\/2024\/01\/Flota-de-vehicles.jpg 648w\" sizes=\"(max-width: 300px) 100vw, 300px\" \/><\/div><\/a>\n\t\t\t\t<div class=\"elementor-post__text\">\n\t\t\t\t<h2 class=\"elementor-post__title\">\n\t\t\t<a href=\"https:\/\/autocarsdomenech.cat\/es\/2019\/02\/19\/nuevas-instalaciones-en-falset\/\" >\n\t\t\t\tNuevas instalaciones en Falset\t\t\t<\/a>\n\t\t<\/h2>\n\t\t\t\t<\/div>\n\t\t\t\t<div class=\"elementor-post__meta-data\">\n\t\t\t\t\t<span class=\"elementor-post-date\">\n\t\t\t19 de febrero de 2019\t\t<\/span>\n\t\t\t\t<\/div>\n\t\t\t\t\t<\/div>\n\t\t<\/article>\n\t\t\t\t<\/div>\n\t\t\n\t\t\t\t\t\t<\/div>\n\t\t\t\t<\/div>\n\t\t\t\t\t<\/div>\n\t\t\t\t<\/div>\n\t\t\t\t<\/div>\n\t\t","protected":false},"excerpt":{"rendered":"","protected":false},"author":1,"featured_media":0,"parent":0,"menu_order":0,"comment_status":"closed","ping_status":"closed","template":"","meta":{"footnotes":""},"class_list":["post-3200","page","type-page","status-publish","hentry"],"yoast_head":"<!-- This site is optimized with the Yoast SEO plugin v24.1 - https:\/\/yoast.com\/wordpress\/plugins\/seo\/ -->\n<title>Noticias - Transports P\u00fablics del Priorat i Dom\u00e8nech<\/title>\n<meta name=\"robots\" content=\"index, follow, max-snippet:-1, max-image-preview:large, max-video-preview:-1\" \/>\n<link rel=\"canonical\" href=\"https:\/\/autocarsdomenech.cat\/es\/noticias\/\" \/>\n<meta property=\"og:locale\" content=\"es_ES\" \/>\n<meta property=\"og:type\" content=\"article\" \/>\n<meta property=\"og:title\" content=\"Noticias - Transports P\u00fablics del Priorat i Dom\u00e8nech\" \/>\n<meta property=\"og:url\" content=\"https:\/\/autocarsdomenech.cat\/es\/noticias\/\" \/>\n<meta property=\"og:site_name\" content=\"Transports P\u00fablics del Priorat i Dom\u00e8nech\" \/>\n<meta property=\"article:modified_time\" content=\"2024-04-04T09:06:05+00:00\" \/>\n<meta name=\"twitter:card\" content=\"summary_large_image\" \/>\n<script type=\"application\/ld+json\" class=\"yoast-schema-graph\">{\"@context\":\"https:\/\/schema.org\",\"@graph\":[{\"@type\":\"WebPage\",\"@id\":\"https:\/\/autocarsdomenech.cat\/es\/noticias\/\",\"url\":\"https:\/\/autocarsdomenech.cat\/es\/noticias\/\",\"name\":\"Noticias - Transports P\u00fablics del Priorat i Dom\u00e8nech\",\"isPartOf\":{\"@id\":\"https:\/\/autocarsdomenech.cat\/es\/#website\"},\"datePublished\":\"2024-02-23T09:14:25+00:00\",\"dateModified\":\"2024-04-04T09:06:05+00:00\",\"breadcrumb\":{\"@id\":\"https:\/\/autocarsdomenech.cat\/es\/noticias\/#breadcrumb\"},\"inLanguage\":\"es\",\"potentialAction\":[{\"@type\":\"ReadAction\",\"target\":[\"https:\/\/autocarsdomenech.cat\/es\/noticias\/\"]}]},{\"@type\":\"BreadcrumbList\",\"@id\":\"https:\/\/autocarsdomenech.cat\/es\/noticias\/#breadcrumb\",\"itemListElement\":[{\"@type\":\"ListItem\",\"position\":1,\"name\":\"Inici\",\"item\":\"https:\/\/autocarsdomenech.cat\/es\/inicio\/\"},{\"@type\":\"ListItem\",\"position\":2,\"name\":\"Noticias\"}]},{\"@type\":\"WebSite\",\"@id\":\"https:\/\/autocarsdomenech.cat\/es\/#website\",\"url\":\"https:\/\/autocarsdomenech.cat\/es\/\",\"name\":\"Transports P\u00fablics del Priorat i Dom\u00e8nech\",\"description\":\"\",\"publisher\":{\"@id\":\"https:\/\/autocarsdomenech.cat\/es\/#organization\"},\"potentialAction\":[{\"@type\":\"SearchAction\",\"target\":{\"@type\":\"EntryPoint\",\"urlTemplate\":\"https:\/\/autocarsdomenech.cat\/es\/?s={search_term_string}\"},\"query-input\":{\"@type\":\"PropertyValueSpecification\",\"valueRequired\":true,\"valueName\":\"search_term_string\"}}],\"inLanguage\":\"es\"},{\"@type\":\"Organization\",\"@id\":\"https:\/\/autocarsdomenech.cat\/es\/#organization\",\"name\":\"Transports P\u00fablics del Priorat i Dom\u00e8nech\",\"url\":\"https:\/\/autocarsdomenech.cat\/es\/\",\"logo\":{\"@type\":\"ImageObject\",\"inLanguage\":\"es\",\"@id\":\"https:\/\/autocarsdomenech.cat\/es\/#\/schema\/logo\/image\/\",\"url\":\"https:\/\/autocarsdomenech.cat\/wp-content\/uploads\/2023\/12\/LOGO-DOMENECH-AUTOCARS.png\",\"contentUrl\":\"https:\/\/autocarsdomenech.cat\/wp-content\/uploads\/2023\/12\/LOGO-DOMENECH-AUTOCARS.png\",\"width\":3426,\"height\":1060,\"caption\":\"Transports P\u00fablics del Priorat i Dom\u00e8nech\"},\"image\":{\"@id\":\"https:\/\/autocarsdomenech.cat\/es\/#\/schema\/logo\/image\/\"}}]}<\/script>\n<!-- \/ Yoast SEO plugin. -->","yoast_head_json":{"title":"Noticias - Transports P\u00fablics del Priorat i Dom\u00e8nech","robots":{"index":"index","follow":"follow","max-snippet":"max-snippet:-1","max-image-preview":"max-image-preview:large","max-video-preview":"max-video-preview:-1"},"canonical":"https:\/\/autocarsdomenech.cat\/es\/noticias\/","og_locale":"es_ES","og_type":"article","og_title":"Noticias - Transports P\u00fablics del Priorat i Dom\u00e8nech","og_url":"https:\/\/autocarsdomenech.cat\/es\/noticias\/","og_site_name":"Transports P\u00fablics del Priorat i Dom\u00e8nech","article_modified_time":"2024-04-04T09:06:05+00:00","twitter_card":"summary_large_image","schema":{"@context":"https:\/\/schema.org","@graph":[{"@type":"WebPage","@id":"https:\/\/autocarsdomenech.cat\/es\/noticias\/","url":"https:\/\/autocarsdomenech.cat\/es\/noticias\/","name":"Noticias - Transports P\u00fablics del Priorat i Dom\u00e8nech","isPartOf":{"@id":"https:\/\/autocarsdomenech.cat\/es\/#website"},"datePublished":"2024-02-23T09:14:25+00:00","dateModified":"2024-04-04T09:06:05+00:00","breadcrumb":{"@id":"https:\/\/autocarsdomenech.cat\/es\/noticias\/#breadcrumb"},"inLanguage":"es","potentialAction":[{"@type":"ReadAction","target":["https:\/\/autocarsdomenech.cat\/es\/noticias\/"]}]},{"@type":"BreadcrumbList","@id":"https:\/\/autocarsdomenech.cat\/es\/noticias\/#breadcrumb","itemListElement":[{"@type":"ListItem","position":1,"name":"Inici","item":"https:\/\/autocarsdomenech.cat\/es\/inicio\/"},{"@type":"ListItem","position":2,"name":"Noticias"}]},{"@type":"WebSite","@id":"https:\/\/autocarsdomenech.cat\/es\/#website","url":"https:\/\/autocarsdomenech.cat\/es\/","name":"Transports P\u00fablics del Priorat i Dom\u00e8nech","description":"","publisher":{"@id":"https:\/\/autocarsdomenech.cat\/es\/#organization"},"potentialAction":[{"@type":"SearchAction","target":{"@type":"EntryPoint","urlTemplate":"https:\/\/autocarsdomenech.cat\/es\/?s={search_term_string}"},"query-input":{"@type":"PropertyValueSpecification","valueRequired":true,"valueName":"search_term_string"}}],"inLanguage":"es"},{"@type":"Organization","@id":"https:\/\/autocarsdomenech.cat\/es\/#organization","name":"Transports P\u00fablics del Priorat i Dom\u00e8nech","url":"https:\/\/autocarsdomenech.cat\/es\/","logo":{"@type":"ImageObject","inLanguage":"es","@id":"https:\/\/autocarsdomenech.cat\/es\/#\/schema\/logo\/image\/","url":"https:\/\/autocarsdomenech.cat\/wp-content\/uploads\/2023\/12\/LOGO-DOMENECH-AUTOCARS.png","contentUrl":"https:\/\/autocarsdomenech.cat\/wp-content\/uploads\/2023\/12\/LOGO-DOMENECH-AUTOCARS.png","width":3426,"height":1060,"caption":"Transports P\u00fablics del Priorat i Dom\u00e8nech"},"image":{"@id":"https:\/\/autocarsdomenech.cat\/es\/#\/schema\/logo\/image\/"}}]}},"_links":{"self":[{"href":"https:\/\/autocarsdomenech.cat\/es\/wp-json\/wp\/v2\/pages\/3200","targetHints":{"allow":["GET"]}}],"collection":[{"href":"https:\/\/autocarsdomenech.cat\/es\/wp-json\/wp\/v2\/pages"}],"about":[{"href":"https:\/\/autocarsdomenech.cat\/es\/wp-json\/wp\/v2\/types\/page"}],"author":[{"embeddable":true,"href":"https:\/\/autocarsdomenech.cat\/es\/wp-json\/wp\/v2\/users\/1"}],"replies":[{"embeddable":true,"href":"https:\/\/autocarsdomenech.cat\/es\/wp-json\/wp\/v2\/comments?post=3200"}],"version-history":[{"count":1,"href":"https:\/\/autocarsdomenech.cat\/es\/wp-json\/wp\/v2\/pages\/3200\/revisions"}],"predecessor-version":[{"id":3201,"href":"https:\/\/autocarsdomenech.cat\/es\/wp-json\/wp\/v2\/pages\/3200\/revisions\/3201"}],"wp:attachment":[{"href":"https:\/\/autocarsdomenech.cat\/es\/wp-json\/wp\/v2\/media?parent=3200"}],"curies":[{"name":"wp","href":"https:\/\/api.w.org\/{rel}","templated":true}]}}